{"id":3333,"date":"2026-02-25T16:07:47","date_gmt":"2026-02-25T21:07:47","guid":{"rendered":"https:\/\/mercator.bo\/?page_id=3333"},"modified":"2026-03-04T16:35:46","modified_gmt":"2026-03-04T21:35:46","slug":"comunicados","status":"publish","type":"page","link":"https:\/\/mercator.bo\/en\/comunicados\/","title":{"rendered":"Comunicados"},"content":{"rendered":"<div data-elementor-type=\"wp-page\" data-elementor-id=\"3333\" class=\"elementor elementor-3333\" data-elementor-post-type=\"page\">\n\t\t\t\t<div class=\"elementor-element elementor-element-4f79324 e-flex e-con-boxed e-con e-parent\" data-id=\"4f79324\" data-element_type=\"container\" data-e-type=\"container\" data-settings=\"{&quot;background_background&quot;:&quot;classic&quot;}\">\n\t\t\t\t\t<div class=\"e-con-inner\">\n\t\t<div class=\"elementor-element elementor-element-0871986 e-con-full e-flex e-con e-child\" data-id=\"0871986\" data-element_type=\"container\" data-e-type=\"container\">\n\t\t\t\t<div class=\"elementor-element elementor-element-e379318 elementor-widget elementor-widget-theme-post-title elementor-page-title elementor-widget-heading\" data-id=\"e379318\" data-element_type=\"widget\" data-e-type=\"widget\" data-widget_type=\"theme-post-title.default\">\n\t\t\t\t\t<h1 class=\"elementor-heading-title elementor-size-default\">Comunicados<\/h1>\t\t\t\t<\/div>\n\t\t\t\t<\/div>\n\t\t<div class=\"elementor-element elementor-element-393c97c e-con-full hero e-flex e-con e-child\" data-id=\"393c97c\" data-element_type=\"container\" data-e-type=\"container\" data-settings=\"{&quot;background_background&quot;:&quot;classic&quot;,&quot;position&quot;:&quot;absolute&quot;}\">\n\t\t\t\t<div class=\"elementor-element elementor-element-0feaf7b elementor-widget elementor-widget-text-editor\" data-id=\"0feaf7b\" data-element_type=\"widget\" data-e-type=\"widget\" data-widget_type=\"text-editor.default\">\n\t\t\t\t\t\t\t\t\t<p>En esta secci\u00f3n compartimos nuestros comunicados oficiales, actualizaciones normativas, alertas operativas y avisos relevantes para nuestros clientes y aliados estrat\u00e9gicos. Nuestro objetivo es mantener informadas a las empresas que operan en comercio exterior sobre cambios que puedan impactar sus operaciones.<\/p>\t\t\t\t\t\t\t\t<\/div>\n\t\t\t\t<\/div>\n\t\t\t\t\t<\/div>\n\t\t\t\t<\/div>\n\t\t<div class=\"elementor-element elementor-element-48f153d e-flex e-con-boxed e-con e-parent\" data-id=\"48f153d\" data-element_type=\"container\" data-e-type=\"container\">\n\t\t\t\t\t<div class=\"e-con-inner\">\n\t\t\t\t<div class=\"elementor-element elementor-element-f387e69 elementor-widget elementor-widget-html\" data-id=\"f387e69\" data-element_type=\"widget\" data-e-type=\"widget\" data-widget_type=\"html.default\">\n\t\t\t\t\t<!DOCTYPE html>\r\n<html lang=\"es\">\r\n<head>\r\n    <meta charset=\"UTF-8\">\r\n    <meta name=\"viewport\" content=\"width=device-width, initial-scale=1.0\">\r\n    <title>Comunicados<\/title>\r\n    <style>\r\n        body {\r\n            font-family: Arial, sans-serif;\r\n            background-color: #f0f0f0;\r\n            margin: 0;\r\n            padding: 0;\r\n        }\r\n\r\n        table {\r\n            width: 100%;\r\n            margin: 20px 0;\r\n            border-collapse: collapse;\r\n        }\r\n\r\n        th, td {\r\n            padding: 12px;\r\n            text-align: left;\r\n            border: 1px solid #ddd;\r\n        }\r\n\r\n        th {\r\n            background-color: #004846; \/* Color solicitado solo para el encabezado *\/\r\n            color: white;\r\n        }\r\n\r\n        tr:nth-child(even) {\r\n            background-color: #f2f2f2;\r\n        }\r\n\r\n        .download-link {\r\n            color: #003AD7; \/* Color de los enlaces de descarga *\/\r\n            text-decoration: none;\r\n        }\r\n\r\n        .download-link:hover {\r\n            text-decoration: underline;\r\n        }\r\n    <\/style>\r\n<\/head>\r\n<body>\r\n\r\n    <table>\r\n        <thead>\r\n            <tr>\r\n                <th>Comunicado<\/th>\r\n                <th>Fecha<\/th>\r\n                <th>Descarga<\/th>\r\n            <\/tr>\r\n        <\/thead>\r\n        <tbody>\r\n            <tr>\r\n                <td>  <\/td>\r\n                <td>   <\/td>\r\n                <td><a href=\"#\" class=\"download-link\">  <\/a><\/td>\r\n            <\/tr>\r\n            <tr>\r\n                <td> <\/td>\r\n                <td> <\/td>\r\n                <td><a href=\"#\" class=\"download-link\"> <\/a><\/td>\r\n            <\/tr>\r\n        <\/tbody>\r\n    <\/table>\r\n\r\n<\/body>\r\n<\/html>\t\t\t\t<\/div>\n\t\t\t\t\t<\/div>\n\t\t\t\t<\/div>\n\t\t<div class=\"elementor-element elementor-element-f58b97c e-flex e-con-boxed e-con e-parent\" data-id=\"f58b97c\" data-element_type=\"container\" data-e-type=\"container\" data-settings=\"{&quot;background_background&quot;:&quot;classic&quot;}\">\n\t\t\t\t\t<div class=\"e-con-inner\">\n\t\t<div class=\"elementor-element elementor-element-4860ce8 e-con-full menu-servicios-ff1L e-flex e-con e-child\" data-id=\"4860ce8\" data-element_type=\"container\" data-e-type=\"container\" data-settings=\"{&quot;background_background&quot;:&quot;classic&quot;}\">\n\t\t\t\t<div class=\"elementor-element elementor-element-69121eb elementor-widget elementor-widget-heading\" data-id=\"69121eb\" data-element_type=\"widget\" data-e-type=\"widget\" data-widget_type=\"heading.default\">\n\t\t\t\t\t<h2 class=\"elementor-heading-title elementor-size-default\">Tu aliado para avisos preventivos<\/h2>\t\t\t\t<\/div>\n\t\t\t\t<div class=\"elementor-element elementor-element-63965b9 elementor-widget elementor-widget-text-editor\" data-id=\"63965b9\" data-element_type=\"widget\" data-e-type=\"widget\" data-widget_type=\"text-editor.default\">\n\t\t\t\t\t\t\t\t\t<p>Nos dedicamos a facilitar el camino hacia la consecuci\u00f3n de tus objetivos comerciales mediante soluciones log\u00edsticas integrales y estrat\u00e9gicas.<\/p><p>Nuestro compromiso es brindarte transparencia, seguridad y eficiencia en cada etapa de la cadena de suministro, asegurando un manejo adecuado de tu carga desde el origen hasta el destino.<\/p>\t\t\t\t\t\t\t\t<\/div>\n\t\t\t\t<div class=\"elementor-element elementor-element-2c4c596 elementor-tablet-align-justify elementor-mobile-align-justify elementor-widget-mobile__width-inherit elementor-widget elementor-widget-button\" data-id=\"2c4c596\" data-element_type=\"widget\" data-e-type=\"widget\" data-widget_type=\"button.default\">\n\t\t\t\t\t\t\t\t\t\t<a class=\"elementor-button elementor-button-link elementor-size-sm\" href=\"https:\/\/mercator.bo\/en\/contactanos\/#cotizacion\">\n\t\t\t\t\t\t<span class=\"elementor-button-content-wrapper\">\n\t\t\t\t\t\t\t\t\t<span class=\"elementor-button-text\">CONTACTA CON UN ASESOR<\/span>\n\t\t\t\t\t<\/span>\n\t\t\t\t\t<\/a>\n\t\t\t\t\t\t\t\t<\/div>\n\t\t\t\t<\/div>\n\t\t<div class=\"elementor-element elementor-element-25ce40b e-con-full e-flex e-con e-child\" data-id=\"25ce40b\" data-element_type=\"container\" data-e-type=\"container\">\n\t\t<div class=\"elementor-element elementor-element-70e766e e-con-full e-flex e-con e-child\" data-id=\"70e766e\" data-element_type=\"container\" data-e-type=\"container\">\n\t\t\t\t<div class=\"elementor-element elementor-element-290e9a4 elementor-widget elementor-widget-heading\" data-id=\"290e9a4\" data-element_type=\"widget\" data-e-type=\"widget\" data-widget_type=\"heading.default\">\n\t\t\t\t\t<h2 class=\"elementor-heading-title elementor-size-default\">Actualizaciones operativas<\/h2>\t\t\t\t<\/div>\n\t\t\t\t<div class=\"elementor-element elementor-element-543b77c elementor-widget elementor-widget-text-editor\" data-id=\"543b77c\" data-element_type=\"widget\" data-e-type=\"widget\" data-widget_type=\"text-editor.default\">\n\t\t\t\t\t\t\t\t\t<p>Brindamos orientaci\u00f3n pr\u00e1ctica para que las empresas puedan anticiparse y minimizar contingencias.<\/p>\t\t\t\t\t\t\t\t<\/div>\n\t\t<div class=\"elementor-element elementor-element-9f98c90 e-con-full e-flex e-con e-child\" data-id=\"9f98c90\" data-element_type=\"container\" data-e-type=\"container\" data-settings=\"{&quot;background_background&quot;:&quot;classic&quot;}\">\n\t\t\t\t<\/div>\n\t\t\t\t<\/div>\n\t\t\t\t<\/div>\n\t\t\t\t\t<\/div>\n\t\t\t\t<\/div>\n\t\t\t\t<\/div>","protected":false},"excerpt":{"rendered":"<p>En esta secci\u00f3n compartimos nuestros comunicados oficiales, actualizaciones normativas, alertas operativas y avisos relevantes para nuestros clientes y aliados estrat\u00e9gicos. Nuestro objetivo es mantener informadas a las empresas que operan en comercio exterior sobre cambios que puedan impactar sus operaciones. Comunicados Comunicado Fecha Descarga Tu aliado para avisos preventivos Nos dedicamos a facilitar el camino [&hellip;]<\/p>\n","protected":false},"author":1,"featured_media":0,"parent":0,"menu_order":0,"comment_status":"closed","ping_status":"closed","template":"","meta":{"footnotes":""},"class_list":["post-3333","page","type-page","status-publish","hentry"],"blocksy_meta":[],"_links":{"self":[{"href":"https:\/\/mercator.bo\/en\/wp-json\/wp\/v2\/pages\/3333","targetHints":{"allow":["GET"]}}],"collection":[{"href":"https:\/\/mercator.bo\/en\/wp-json\/wp\/v2\/pages"}],"about":[{"href":"https:\/\/mercator.bo\/en\/wp-json\/wp\/v2\/types\/page"}],"author":[{"embeddable":true,"href":"https:\/\/mercator.bo\/en\/wp-json\/wp\/v2\/users\/1"}],"replies":[{"embeddable":true,"href":"https:\/\/mercator.bo\/en\/wp-json\/wp\/v2\/comments?post=3333"}],"version-history":[{"count":13,"href":"https:\/\/mercator.bo\/en\/wp-json\/wp\/v2\/pages\/3333\/revisions"}],"predecessor-version":[{"id":3384,"href":"https:\/\/mercator.bo\/en\/wp-json\/wp\/v2\/pages\/3333\/revisions\/3384"}],"wp:attachment":[{"href":"https:\/\/mercator.bo\/en\/wp-json\/wp\/v2\/media?parent=3333"}],"curies":[{"name":"wp","href":"https:\/\/api.w.org\/{rel}","templated":true}]}}